{"id":18,"date":"2021-02-18T00:08:32","date_gmt":"2021-02-17T23:08:32","guid":{"rendered":"http:\/\/mrlbare.cluster030.hosting.ovh.net\/?page_id=18"},"modified":"2021-04-14T18:38:36","modified_gmt":"2021-04-14T16:38:36","slug":"constantival-ii","status":"publish","type":"page","link":"https:\/\/ajoc.fr\/index.php\/constantival-ii\/","title":{"rendered":"Constantival II"},"content":{"rendered":"\n<p>Le deuxi\u00e8me congr\u00e8s \u00ab Constantival \u00bb a eu lieu en Isra\u00ebl du 22 au 29 avril 2007. Ci-dessous un extrait du programme :<br>LUNDI 23 AVRIL : YOM HAZIKARON (jour du souvenir)<\/p>\n\n\n\n<ul><li>D\u00e9part pour le kibboutz R\u00e9vivim pr\u00e8s de Beer Sheva<br>o\u00f9 se d\u00e9roulera une C\u00e9r\u00e9monie officielle en souvenir des soldats<br>tomb\u00e9s au champ d&rsquo;\u0080\u0099honneur.<\/li><li>Conf\u00e9rence sur l&rsquo;\u0080\u0099h\u00e9ro\u00efsme des jeunes combattants tomb\u00e9s au champ d&rsquo;\u0080\u0099honneur.<\/li><li>D\u00e9part pour le Monument connu sous le nom de \u00ab Commando fran\u00e7ais &lsquo; et \u00e9rig\u00e9 en l\u2019\u0080\u0099honneur des jeunes soldats originaires de Constantine et d&rsquo;\u0080\u0099autres villes d&rsquo;\u0080\u0099Alg\u00e9rie qui furent tu\u00e9s en 1948 en essayant d&rsquo;\u0080\u0099arr\u00eater l&rsquo;arm\u00e9e \u00e9gyptienne.<\/li><li>D\u00e9part pour Zichron Yaakov pour c\u00e9l\u00e9brer Yom Haatzmaout avec nos amis isra\u00e9liens !<br>MARDI 24 AVRIL : YOM HAATZMAOUT (jour de l&rsquo;\u0080\u0099ind\u00e9pendance de l&rsquo;\u00e9tat d&rsquo;Isra\u00ebl).<\/li><li>CONSTANTIVAL 2 : 2\u00e8me rassemblement franco-isra\u00e9lien des Juifs Originaires du Constantinois \u00e0&nbsp; l&rsquo;\u0080\u0099h\u00f4tel EDEN INN \u00e0&nbsp; Zichron Yaacov.<br>Activit\u00e9s propos\u00e9es :<\/li><li>Offices le matin avec nos Paytanim<\/li><li>Ateliers d\u00e9bats et conf\u00e9rences<\/li><li>D\u00e9jeuner barbecue<\/li><li>20h30 : D\u00eener cocktail de sp\u00e9cialit\u00e9s constantinoises et grande soir\u00e9e spectacle autour de la piscine de l&rsquo;\u0080\u0099h\u00f4tel avec un artiste surprise.<\/li><\/ul>\n","protected":false},"excerpt":{"rendered":"<p>Le deuxi\u00e8me congr\u00e8s \u00ab Constantival \u00bb a eu lieu en Isra\u00ebl du 22 au 29 avril 2007. Ci-dessous un extrait du programme :LUNDI 23 AVRIL : YOM HAZIKARON (jour du souvenir) D\u00e9part pour le kibboutz R\u00e9vivim pr\u00e8s de Beer Shevao\u00f9 se d\u00e9roulera une C\u00e9r\u00e9monie officielle en souvenir des soldatstomb\u00e9s au champ d&rsquo;\u0080\u0099honneur. Conf\u00e9rence sur l&rsquo;\u0080\u0099h\u00e9ro\u00efsme des jeunes combattants tomb\u00e9s au champ d&rsquo;\u0080\u0099honneur. D\u00e9part pour le Monument connu sous le nom de \u00ab Commando fran\u00e7ais &lsquo; et \u00e9rig\u00e9 en l\u2019\u0080\u0099honneur des jeunes soldats originaires de Constantine et d&rsquo;\u0080\u0099autres villes d&rsquo;\u0080\u0099Alg\u00e9rie qui furent tu\u00e9s en 1948 en essayant d&rsquo;\u0080\u0099arr\u00eater l&rsquo;arm\u00e9e \u00e9gyptienne. D\u00e9part&#8230; <\/p>\n","protected":false},"author":1,"featured_media":0,"parent":0,"menu_order":0,"comment_status":"closed","ping_status":"closed","template":"template-full-width.php","meta":[],"_links":{"self":[{"href":"https:\/\/ajoc.fr\/index.php\/wp-json\/wp\/v2\/pages\/18"}],"collection":[{"href":"https:\/\/ajoc.fr\/index.php\/wp-json\/wp\/v2\/pages"}],"about":[{"href":"https:\/\/ajoc.fr\/index.php\/wp-json\/wp\/v2\/types\/page"}],"author":[{"embeddable":true,"href":"https:\/\/ajoc.fr\/index.php\/wp-json\/wp\/v2\/users\/1"}],"replies":[{"embeddable":true,"href":"https:\/\/ajoc.fr\/index.php\/wp-json\/wp\/v2\/comments?post=18"}],"version-history":[{"count":5,"href":"https:\/\/ajoc.fr\/index.php\/wp-json\/wp\/v2\/pages\/18\/revisions"}],"predecessor-version":[{"id":251,"href":"https:\/\/ajoc.fr\/index.php\/wp-json\/wp\/v2\/pages\/18\/revisions\/251"}],"wp:attachment":[{"href":"https:\/\/ajoc.fr\/index.php\/wp-json\/wp\/v2\/media?parent=18"}],"curies":[{"name":"wp","href":"https:\/\/api.w.org\/{rel}","templated":true}]}}