{"id":268,"date":"2021-04-16T17:18:36","date_gmt":"2021-04-16T15:18:36","guid":{"rendered":"http:\/\/mrlbare.cluster030.hosting.ovh.net\/?page_id=268"},"modified":"2021-04-19T17:14:24","modified_gmt":"2021-04-19T15:14:24","slug":"renovation-du-cimetiere","status":"publish","type":"page","link":"https:\/\/ajoc.fr\/index.php\/renovation-du-cimetiere\/","title":{"rendered":"R\u00e9novation du cimeti\u00e8re"},"content":{"rendered":"\n<p>Depuis des ann\u00e9es, nous vous le rappelons r\u00e9guli\u00e8rement, nous concentrons nos efforts autour de la r\u00e9novation du cimeti\u00e8re juif de Constantine. Nous remercions en particulier Jacques Nakache qui est en contact permanent avec le Consulat de France \u00e0 Annaba, avec les autorit\u00e9s Municipales de Constantine et avec le Directeur de l\u2019EPIC qui est charg\u00e9 de la surveillance des cimeti\u00e8res fran\u00e7ais d\u2019Alg\u00e9rie.<\/p>\n\n\n\n<p>En 2020, nous avons fait proc\u00e9der \u00e0 de nombreux travaux de d\u00e9broussaillage et de consolidation de certains murs de sout\u00e8nement.<br>Les personnes qui d\u00e9sirent nous aider financi\u00e8rement peuvent envoyer leur participation &#8211; <\/p>\n\n\n\n<ol><li>T\u00e9l\u00e9chargez, imprimez et remplissez le formulaire en cochant la case \u00ab\u00a0Participation \u00e0 l&rsquo;entretien du cimeti\u00e8re\u00a0\u00bb : <a rel=\"noreferrer noopener\" href=\"\/docassoc\/bulletin-adhesion-ajoc.pdf\" target=\"_blank\">t\u00e9l\u00e9chargez le formulaire<\/a><\/li><li>Joindre au formulaire votre ch\u00e8que \u00e0 l\u2019ordre de \u00ab\u00a0AJOC \u2013 FRANCE\u00a0\u00bb \u00e0 envoyer \u00e0 l&rsquo;adresse suivante :<\/li><\/ol>\n\n\n\n<p><strong>Synagogue des Tournelles<br>A l\u2019attention de l\u2019AJOC<br>21 Bis rue des Tournelles \u2013 75004 Paris<\/strong><\/p>\n\n\n\n<p><strong>Faire un don via PAYPAL : <a rel=\"noreferrer noopener\" href=\"https:\/\/www.paypal.com\/paypalme\/ajocsectionfrance\" target=\"_blank\">cliquer ici.<\/a><\/strong><\/p>\n\n\n\n<p>Nous vous remercions de contribuer \u00e0 ce devoir de m\u00e9moire.<\/p>\n","protected":false},"excerpt":{"rendered":"<p>Depuis des ann\u00e9es, nous vous le rappelons r\u00e9guli\u00e8rement, nous concentrons nos efforts autour de la r\u00e9novation du cimeti\u00e8re juif de Constantine. Nous remercions en particulier Jacques Nakache qui est en contact permanent avec le Consulat de France \u00e0 Annaba, avec les autorit\u00e9s Municipales de Constantine et avec le Directeur de l\u2019EPIC qui est charg\u00e9 de la surveillance des cimeti\u00e8res fran\u00e7ais d\u2019Alg\u00e9rie. En 2020, nous avons fait proc\u00e9der \u00e0 de nombreux travaux de d\u00e9broussaillage et de consolidation de certains murs de sout\u00e8nement.Les personnes qui d\u00e9sirent nous aider financi\u00e8rement peuvent envoyer leur participation &#8211; T\u00e9l\u00e9chargez, imprimez et remplissez le formulaire en cochant&#8230; <\/p>\n","protected":false},"author":1,"featured_media":0,"parent":0,"menu_order":0,"comment_status":"closed","ping_status":"closed","template":"template-full-width.php","meta":[],"_links":{"self":[{"href":"https:\/\/ajoc.fr\/index.php\/wp-json\/wp\/v2\/pages\/268"}],"collection":[{"href":"https:\/\/ajoc.fr\/index.php\/wp-json\/wp\/v2\/pages"}],"about":[{"href":"https:\/\/ajoc.fr\/index.php\/wp-json\/wp\/v2\/types\/page"}],"author":[{"embeddable":true,"href":"https:\/\/ajoc.fr\/index.php\/wp-json\/wp\/v2\/users\/1"}],"replies":[{"embeddable":true,"href":"https:\/\/ajoc.fr\/index.php\/wp-json\/wp\/v2\/comments?post=268"}],"version-history":[{"count":8,"href":"https:\/\/ajoc.fr\/index.php\/wp-json\/wp\/v2\/pages\/268\/revisions"}],"predecessor-version":[{"id":286,"href":"https:\/\/ajoc.fr\/index.php\/wp-json\/wp\/v2\/pages\/268\/revisions\/286"}],"wp:attachment":[{"href":"https:\/\/ajoc.fr\/index.php\/wp-json\/wp\/v2\/media?parent=268"}],"curies":[{"name":"wp","href":"https:\/\/api.w.org\/{rel}","templated":true}]}}