{"id":283,"date":"2021-04-19T17:13:19","date_gmt":"2021-04-19T15:13:19","guid":{"rendered":"http:\/\/mrlbare.cluster030.hosting.ovh.net\/?page_id=283"},"modified":"2021-04-19T17:20:43","modified_gmt":"2021-04-19T15:20:43","slug":"dons-et-adhesion","status":"publish","type":"page","link":"https:\/\/ajoc.fr\/index.php\/dons-et-adhesion\/","title":{"rendered":"Dons et adh\u00e9sion"},"content":{"rendered":"\n<h3><strong>Option 1 : par courrier <\/strong><\/h3>\n\n\n\n<ol><li>T\u00e9l\u00e9chargez, imprimez et remplissez le formulaire en cochant la case <strong>\u00ab&nbsp;Bienfaiteur Montant \u00bb<\/strong> ou les autres cases pour l&rsquo;adh\u00e9sion que vous souhaitez faire <strong>(cotisation Individuelle, de Couple ou de Famille)<\/strong> : <a rel=\"noreferrer noopener\" href=\"\/docassoc\/bulletin-adhesion-ajoc.pdf\" target=\"_blank\">t\u00e9l\u00e9chargez le formulaire<\/a><\/li><li>Joindre au formulaire votre ch\u00e8que \u00e0 l\u2019ordre de \u00ab&nbsp;AJOC \u2013 FRANCE&nbsp;\u00bb \u00e0 envoyer \u00e0 l\u2019adresse suivante :<\/li><\/ol>\n\n\n\n<p><strong>Synagogue des Tournelles<br>A l\u2019attention de l\u2019AJOC<br>21 Bis rue des Tournelles \u2013 75004 Paris<\/strong><\/p>\n\n\n\n<h3><strong>Option 2 : par PAYPAL<\/strong><\/h3>\n\n\n\n<p><strong>Faire un don ou adh\u00e9rer via PAYPAL en pr\u00e9cisant s&rsquo;il s&rsquo;agit d&rsquo;un don ou d&rsquo;une adh\u00e9sion : <a rel=\"noreferrer noopener\" href=\"https:\/\/www.paypal.com\/paypalme\/ajocsectionfrance\" target=\"_blank\">cliquer ici.<\/a><\/strong><\/p>\n\n\n\n<p>Nous vous remercions de contribuer \u00e0 ce devoir de m\u00e9moire.<\/p>\n","protected":false},"excerpt":{"rendered":"<p>Option 1 : par courrier T\u00e9l\u00e9chargez, imprimez et remplissez le formulaire en cochant la case \u00ab&nbsp;Bienfaiteur Montant \u00bb ou les autres cases pour l&rsquo;adh\u00e9sion que vous souhaitez faire (cotisation Individuelle, de Couple ou de Famille) : t\u00e9l\u00e9chargez le formulaire Joindre au formulaire votre ch\u00e8que \u00e0 l\u2019ordre de \u00ab&nbsp;AJOC \u2013 FRANCE&nbsp;\u00bb \u00e0 envoyer \u00e0 l\u2019adresse suivante : Synagogue des TournellesA l\u2019attention de l\u2019AJOC21 Bis rue des Tournelles \u2013 75004 Paris Option 2 : par PAYPAL Faire un don ou adh\u00e9rer via PAYPAL en pr\u00e9cisant s&rsquo;il s&rsquo;agit d&rsquo;un don ou d&rsquo;une adh\u00e9sion : cliquer ici. Nous vous remercions de contribuer \u00e0 ce&#8230; <\/p>\n","protected":false},"author":1,"featured_media":0,"parent":0,"menu_order":0,"comment_status":"closed","ping_status":"closed","template":"template-full-width.php","meta":[],"_links":{"self":[{"href":"https:\/\/ajoc.fr\/index.php\/wp-json\/wp\/v2\/pages\/283"}],"collection":[{"href":"https:\/\/ajoc.fr\/index.php\/wp-json\/wp\/v2\/pages"}],"about":[{"href":"https:\/\/ajoc.fr\/index.php\/wp-json\/wp\/v2\/types\/page"}],"author":[{"embeddable":true,"href":"https:\/\/ajoc.fr\/index.php\/wp-json\/wp\/v2\/users\/1"}],"replies":[{"embeddable":true,"href":"https:\/\/ajoc.fr\/index.php\/wp-json\/wp\/v2\/comments?post=283"}],"version-history":[{"count":5,"href":"https:\/\/ajoc.fr\/index.php\/wp-json\/wp\/v2\/pages\/283\/revisions"}],"predecessor-version":[{"id":291,"href":"https:\/\/ajoc.fr\/index.php\/wp-json\/wp\/v2\/pages\/283\/revisions\/291"}],"wp:attachment":[{"href":"https:\/\/ajoc.fr\/index.php\/wp-json\/wp\/v2\/media?parent=283"}],"curies":[{"name":"wp","href":"https:\/\/api.w.org\/{rel}","templated":true}]}}