{"id":34,"date":"2021-04-04T17:06:05","date_gmt":"2021-04-04T15:06:05","guid":{"rendered":"http:\/\/mrlbare.cluster030.hosting.ovh.net\/?page_id=34"},"modified":"2021-04-20T15:00:56","modified_gmt":"2021-04-20T13:00:56","slug":"notre-musique","status":"publish","type":"page","link":"https:\/\/ajoc.fr\/index.php\/notre-musique\/","title":{"rendered":"Notre musique"},"content":{"rendered":"\n<div class=\"wp-block-columns\">\n<div class=\"wp-block-column\">\n<h3><strong>D\u00e9couvrez en d\u00e9tail les musiciens constantinois : <a rel=\"noreferrer noopener\" href=\"\/docassoc\/malouf.pps\" target=\"_blank\">t\u00e9l\u00e9charger le diaporama<\/a>.<\/strong><\/h3>\n\n\n\n<figure class=\"wp-block-audio\"><audio controls src=\"http:\/\/mrlbare.cluster030.hosting.ovh.net\/wp-content\/uploads\/2021\/04\/AUD-20200524-WA0005-2.mp3\"><\/audio><figcaption>Airs de Chavouot<\/figcaption><\/figure>\n\n\n\n<h3><a rel=\"noreferrer noopener\" href=\"\/docassoc\/video kippour.mp4\" target=\"_blank\"><strong>Kippour des absents<\/strong><\/a><\/h3>\n<\/div>\n\n\n\n<div class=\"wp-block-column\">\n<figure class=\"wp-block-image size-large\"><img loading=\"lazy\" width=\"1024\" height=\"629\" src=\"http:\/\/mrlbare.cluster030.hosting.ovh.net\/wp-content\/uploads\/2021\/04\/silhouette-3275055_1280-1024x629.png\" alt=\"\" class=\"wp-image-248\" srcset=\"https:\/\/ajoc.fr\/wp-content\/uploads\/2021\/04\/silhouette-3275055_1280-1024x629.png 1024w, https:\/\/ajoc.fr\/wp-content\/uploads\/2021\/04\/silhouette-3275055_1280-300x184.png 300w, https:\/\/ajoc.fr\/wp-content\/uploads\/2021\/04\/silhouette-3275055_1280-768x472.png 768w, https:\/\/ajoc.fr\/wp-content\/uploads\/2021\/04\/silhouette-3275055_1280.png 1280w\" sizes=\"(max-width: 1024px) 100vw, 1024px\" \/><\/figure>\n<\/div>\n<\/div>\n","protected":false},"excerpt":{"rendered":"<p>D\u00e9couvrez en d\u00e9tail les musiciens constantinois : t\u00e9l\u00e9charger le diaporama. Kippour des absents<\/p>\n","protected":false},"author":1,"featured_media":0,"parent":0,"menu_order":0,"comment_status":"closed","ping_status":"closed","template":"template-full-width.php","meta":[],"_links":{"self":[{"href":"https:\/\/ajoc.fr\/index.php\/wp-json\/wp\/v2\/pages\/34"}],"collection":[{"href":"https:\/\/ajoc.fr\/index.php\/wp-json\/wp\/v2\/pages"}],"about":[{"href":"https:\/\/ajoc.fr\/index.php\/wp-json\/wp\/v2\/types\/page"}],"author":[{"embeddable":true,"href":"https:\/\/ajoc.fr\/index.php\/wp-json\/wp\/v2\/users\/1"}],"replies":[{"embeddable":true,"href":"https:\/\/ajoc.fr\/index.php\/wp-json\/wp\/v2\/comments?post=34"}],"version-history":[{"count":8,"href":"https:\/\/ajoc.fr\/index.php\/wp-json\/wp\/v2\/pages\/34\/revisions"}],"predecessor-version":[{"id":304,"href":"https:\/\/ajoc.fr\/index.php\/wp-json\/wp\/v2\/pages\/34\/revisions\/304"}],"wp:attachment":[{"href":"https:\/\/ajoc.fr\/index.php\/wp-json\/wp\/v2\/media?parent=34"}],"curies":[{"name":"wp","href":"https:\/\/api.w.org\/{rel}","templated":true}]}}