{"id":40,"date":"2021-04-04T17:06:50","date_gmt":"2021-04-04T15:06:50","guid":{"rendered":"http:\/\/mrlbare.cluster030.hosting.ovh.net\/?page_id=40"},"modified":"2021-04-13T16:12:24","modified_gmt":"2021-04-13T14:12:24","slug":"nos-champions","status":"publish","type":"page","link":"https:\/\/ajoc.fr\/index.php\/nos-champions\/","title":{"rendered":"Nos champions"},"content":{"rendered":"\n<div class=\"wp-block-columns\">\n<div class=\"wp-block-column\">\n<p>T\u00e9l\u00e9charger le diaporama de nos sportifs : <a href=\"\/docassoc\/page_sportive.pps\">cliquer ici.<\/a><\/p>\n\n\n\n<p>T\u00e9l\u00e9charger&nbsp;d&rsquo;autres images&nbsp;de nos sportifs : <a href=\"\/docassoc\/sportifs_images.pdf\">cliquer ici.<\/a><\/p>\n\n\n\n<p>Parcours d&rsquo;Albert Cohen \u00e0 t\u00e9l\u00e9charger : <a href=\"\/docassoc\/albert_cohen.pdf\">cliquer ici.<\/a><\/p>\n\n\n\n<p>Hommage \u00e0 Alfred Nakache : <a href=\"\/docassoc\/Alfred_Nakache_film.mp4\" target=\"_blank\" rel=\"noreferrer noopener\">\/docassoc\/Alfred_Nakache_film.mp4<\/a><\/p>\n<\/div>\n\n\n\n<div class=\"wp-block-column\">\n<figure class=\"wp-block-image size-large\"><img loading=\"lazy\" width=\"1024\" height=\"717\" src=\"http:\/\/mrlbare.cluster030.hosting.ovh.net\/wp-content\/uploads\/2021\/04\/silhouette-3199224_1280-1024x717.png\" alt=\"\" class=\"wp-image-175\" srcset=\"https:\/\/ajoc.fr\/wp-content\/uploads\/2021\/04\/silhouette-3199224_1280-1024x717.png 1024w, https:\/\/ajoc.fr\/wp-content\/uploads\/2021\/04\/silhouette-3199224_1280-300x210.png 300w, https:\/\/ajoc.fr\/wp-content\/uploads\/2021\/04\/silhouette-3199224_1280-768x538.png 768w, https:\/\/ajoc.fr\/wp-content\/uploads\/2021\/04\/silhouette-3199224_1280.png 1280w\" sizes=\"(max-width: 1024px) 100vw, 1024px\" \/><\/figure>\n<\/div>\n<\/div>\n","protected":false},"excerpt":{"rendered":"<p>T\u00e9l\u00e9charger le diaporama de nos sportifs : cliquer ici. T\u00e9l\u00e9charger&nbsp;d&rsquo;autres images&nbsp;de nos sportifs : cliquer ici. Parcours d&rsquo;Albert Cohen \u00e0 t\u00e9l\u00e9charger : cliquer ici. Hommage \u00e0 Alfred Nakache : \/docassoc\/Alfred_Nakache_film.mp4<\/p>\n","protected":false},"author":1,"featured_media":0,"parent":0,"menu_order":0,"comment_status":"closed","ping_status":"closed","template":"template-full-width.php","meta":[],"_links":{"self":[{"href":"https:\/\/ajoc.fr\/index.php\/wp-json\/wp\/v2\/pages\/40"}],"collection":[{"href":"https:\/\/ajoc.fr\/index.php\/wp-json\/wp\/v2\/pages"}],"about":[{"href":"https:\/\/ajoc.fr\/index.php\/wp-json\/wp\/v2\/types\/page"}],"author":[{"embeddable":true,"href":"https:\/\/ajoc.fr\/index.php\/wp-json\/wp\/v2\/users\/1"}],"replies":[{"embeddable":true,"href":"https:\/\/ajoc.fr\/index.php\/wp-json\/wp\/v2\/comments?post=40"}],"version-history":[{"count":9,"href":"https:\/\/ajoc.fr\/index.php\/wp-json\/wp\/v2\/pages\/40\/revisions"}],"predecessor-version":[{"id":185,"href":"https:\/\/ajoc.fr\/index.php\/wp-json\/wp\/v2\/pages\/40\/revisions\/185"}],"wp:attachment":[{"href":"https:\/\/ajoc.fr\/index.php\/wp-json\/wp\/v2\/media?parent=40"}],"curies":[{"name":"wp","href":"https:\/\/api.w.org\/{rel}","templated":true}]}}