{"id":49,"date":"2021-04-04T17:16:57","date_gmt":"2021-04-04T15:16:57","guid":{"rendered":"http:\/\/mrlbare.cluster030.hosting.ovh.net\/?page_id=49"},"modified":"2021-04-26T14:50:46","modified_gmt":"2021-04-26T12:50:46","slug":"les-coutumes","status":"publish","type":"page","link":"https:\/\/ajoc.fr\/index.php\/les-coutumes\/","title":{"rendered":"Les coutumes"},"content":{"rendered":"\n<p>Ci-dessous certaines des coutumes d&rsquo;Alg\u00e9rie :<\/p>\n\n\n\n<div class=\"wp-block-columns\">\n<div class=\"wp-block-column\">\n<h3><strong>Article sur l&rsquo;origine du tatouage au henn\u00e9 : <a rel=\"noreferrer noopener\" href=\"http:\/\/mrlbare.cluster030.hosting.ovh.net\/docassoc\/hanna en pdf.pdf\" target=\"_blank\">cliquer ici pour le lire.<\/a><\/strong><\/h3>\n\n\n\n<h3><strong>Article sur la Gandoura constantinoise : <a rel=\"noreferrer noopener\" href=\"http:\/\/mrlbare.cluster030.hosting.ovh.net\/docassoc\/gandoura en pdf.pdf\" target=\"_blank\">cliquer ici pour le lire.<\/a><\/strong><\/h3>\n\n\n\n<h3><strong>Chavouot \u00e0 Constantine : <a rel=\"noreferrer noopener\" href=\"\/docassoc\/chavouaut a constantine.docx\" target=\"_blank\">cliquer pour lire l&rsquo;article.<\/a><\/strong><\/h3>\n<\/div>\n\n\n\n<div class=\"wp-block-column\">\n<figure class=\"wp-block-image size-large\"><img loading=\"lazy\" width=\"1024\" height=\"645\" src=\"http:\/\/mrlbare.cluster030.hosting.ovh.net\/wp-content\/uploads\/2021\/04\/flora-142742_1920-1024x645.jpg\" alt=\"\" class=\"wp-image-245\" srcset=\"https:\/\/ajoc.fr\/wp-content\/uploads\/2021\/04\/flora-142742_1920-1024x645.jpg 1024w, https:\/\/ajoc.fr\/wp-content\/uploads\/2021\/04\/flora-142742_1920-300x189.jpg 300w, https:\/\/ajoc.fr\/wp-content\/uploads\/2021\/04\/flora-142742_1920-768x484.jpg 768w, https:\/\/ajoc.fr\/wp-content\/uploads\/2021\/04\/flora-142742_1920-1536x968.jpg 1536w, https:\/\/ajoc.fr\/wp-content\/uploads\/2021\/04\/flora-142742_1920.jpg 1920w\" sizes=\"(max-width: 1024px) 100vw, 1024px\" \/><\/figure>\n<\/div>\n<\/div>\n","protected":false},"excerpt":{"rendered":"<p>Ci-dessous certaines des coutumes d&rsquo;Alg\u00e9rie : Article sur l&rsquo;origine du tatouage au henn\u00e9 : cliquer ici pour le lire. Article sur la Gandoura constantinoise : cliquer ici pour le lire. Chavouot \u00e0 Constantine : cliquer pour lire l&rsquo;article.<\/p>\n","protected":false},"author":1,"featured_media":0,"parent":0,"menu_order":0,"comment_status":"closed","ping_status":"closed","template":"template-full-width.php","meta":[],"_links":{"self":[{"href":"https:\/\/ajoc.fr\/index.php\/wp-json\/wp\/v2\/pages\/49"}],"collection":[{"href":"https:\/\/ajoc.fr\/index.php\/wp-json\/wp\/v2\/pages"}],"about":[{"href":"https:\/\/ajoc.fr\/index.php\/wp-json\/wp\/v2\/types\/page"}],"author":[{"embeddable":true,"href":"https:\/\/ajoc.fr\/index.php\/wp-json\/wp\/v2\/users\/1"}],"replies":[{"embeddable":true,"href":"https:\/\/ajoc.fr\/index.php\/wp-json\/wp\/v2\/comments?post=49"}],"version-history":[{"count":7,"href":"https:\/\/ajoc.fr\/index.php\/wp-json\/wp\/v2\/pages\/49\/revisions"}],"predecessor-version":[{"id":312,"href":"https:\/\/ajoc.fr\/index.php\/wp-json\/wp\/v2\/pages\/49\/revisions\/312"}],"wp:attachment":[{"href":"https:\/\/ajoc.fr\/index.php\/wp-json\/wp\/v2\/media?parent=49"}],"curies":[{"name":"wp","href":"https:\/\/api.w.org\/{rel}","templated":true}]}}