{"id":58,"date":"2021-04-04T17:25:45","date_gmt":"2021-04-04T15:25:45","guid":{"rendered":"http:\/\/mrlbare.cluster030.hosting.ovh.net\/?page_id=58"},"modified":"2021-04-19T17:38:39","modified_gmt":"2021-04-19T15:38:39","slug":"temoignages","status":"publish","type":"page","link":"https:\/\/ajoc.fr\/index.php\/temoignages\/","title":{"rendered":"T\u00e9moignages"},"content":{"rendered":"\n<h3><strong>Document de Fernand Nakache<\/strong><\/h3>\n\n\n\n<p>Ce document a \u00e9t\u00e9 adress\u00e9 par Fernand Nakache \u00e0 Alain Attlan correspondantde l&rsquo;AJOC pour la r\u00e9gion de Toulouse, dans lequel il explique \u00e0 ses enfants, l\u2019histoire de ses origines constantinoises. Il ajoute que le p\u00e8re d\u2019Alain (Lucien, Z.A.L.) a \u00e9t\u00e9 le t\u00e9moin religieux de son mariage.<\/p>\n\n\n\n<p><em>Chers enfants,<br><br>Comme vous le savez, l&rsquo;Afrique du Nord (\u00e0 l&rsquo;exception du Maroc), a \u00e9t\u00e9 tr\u00e8s longtemps colonis\u00e9 et donc administr\u00e9 par la Turquie.<\/em><\/p>\n\n\n\n<p><em>En ce qui concerne l&rsquo;ALG\u00c9RIE, la France y a pris le relais \u00e0 partir de 1830, d\u00e9marrage de la colonisation dans ce pays.<br>Il ne faut donc pas s&rsquo;\u00e9tonner que la population juive locale, dont la pr\u00e9sence sur place remonte \u00e0 plusieurs si\u00e8cles avant JC (donc bien avant toutes les colonisations qu&rsquo;a connues cette partie du continent africain) ait adopt\u00e9 la langue, les coutumes et les costumes locaux.<\/em><\/p>\n\n\n\n<p><em>C&rsquo;est pourquoi, juives et juifs d&rsquo;Alg\u00e9rie \u00e9taient v\u00eatus \u00e0 \u00ab\u00a0la turque ou \u00e0 l&rsquo;arabe\u00a0\u00bb et parlaient l&rsquo;arabe couramment (langue de communication), connaissaient \u00e9galement l&rsquo;h\u00e9breu (mais \u00e0 un moindre degr\u00e9, surtout langue sacr\u00e9e et de la religion, ma\u00eetris\u00e9e essentiellement par les lettr\u00e9s religieux).<br>Sur le document que je vous joins, vous verrez (troisi\u00e8me personne, \u00e0 gauche, au deuxi\u00e8me rang, avec un F\u00e8s sur la t\u00eate et une cha\u00eene en or), votre arri\u00e8re grand-p\u00e8re, le p\u00e8re de ma m\u00e8re.<\/em> <em>Il s&rsquo;appelait : Ha\u00ef, Ben-Noun GHENASSIA (cordonnier) 23\/11\/1874-02\/09\/1942.<\/em><\/p>\n\n\n\n<figure class=\"wp-block-image size-large\"><img loading=\"lazy\" width=\"518\" height=\"408\" src=\"http:\/\/mrlbare.cluster030.hosting.ovh.net\/wp-content\/uploads\/2021\/04\/temoignage1.png\" alt=\"\" class=\"wp-image-112\" srcset=\"https:\/\/ajoc.fr\/wp-content\/uploads\/2021\/04\/temoignage1.png 518w, https:\/\/ajoc.fr\/wp-content\/uploads\/2021\/04\/temoignage1-300x236.png 300w\" sizes=\"(max-width: 518px) 100vw, 518px\" \/><\/figure>\n\n\n\n<p><em>Il s&rsquo;agit l\u00e0 d&rsquo;un t\u00e9moignage exceptionnel, qu&rsquo;un ami m&rsquo;a envoy\u00e9. Pour la petite histoire, cet ami est le fils d&rsquo;un t\u00e9moin religieux de notre mariage avec Maman. Votre arri\u00e8re grand-p\u00e8re, Ha\u00ef, Ben-Noun (c&rsquo;est-\u00e0-dire le fils de Noun, soit Josu\u00e9) fait partie des premiers juifs n\u00e9s automatiquement fran\u00e7ais apr\u00e8s l&rsquo;application du d\u00e9cret CREMIEUX, qui a accord\u00e9 la nationalit\u00e9 fran\u00e7aise aux juifs d&rsquo;Alg\u00e9rie.<br><strong>Document et message \u00e0 conserver afin de conserver le fil de la m\u00e9moire&#8230;.<\/strong><br>\u00ab\u00a0La bise.- le Papi\u00a0\u00bb.<\/em><\/p>\n\n\n\n<h3><strong>Le cimeti\u00e8re juif de Constantine, t\u00e9l\u00e9charger la lettre : <a rel=\"noreferrer noopener\" href=\"\/docassoc\/cim_constantine.pdf\" target=\"_blank\">cliquer ici.<\/a><\/strong><\/h3>\n\n\n\n<h3><strong>La clinique Guedj de Constantine, le professeur Pierre Guedj et la clinique des fr\u00e8res Gozlan \u00e0 Bellevue. T\u00e9l\u00e9charger l&rsquo;article <a rel=\"noreferrer noopener\" href=\"\/docassoc\/clinique_guedj.pdf\" target=\"_blank\">ici.<\/a><\/strong><\/h3>\n\n\n\n<h3><strong>Articles tir\u00e9s du journal de la synagogue des Tournelles \u00e0 Paris : t\u00e9l\u00e9charger les articles <a rel=\"noreferrer noopener\" href=\"\/docassos\/jt_1.pdf\" target=\"_blank\">ici.<\/a><\/strong><\/h3>\n\n\n\n<h3><strong>Les promenades : t\u00e9l\u00e9charger le diaporama <a href=\"\/docassoc\/promenade.pps\">ici.<\/a><\/strong><\/h3>\n\n\n\n<h3><strong>Souvenir du sport constantinois par Marc Guedj :&nbsp;<a rel=\"noreferrer noopener\" href=\"\/docassoc\/souvenir_du_sport_constantinois.pdf\" target=\"_blank\">t\u00e9l\u00e9charger ici<\/a>.<\/strong><\/h3>\n\n\n\n<h3><strong>T\u00e9moignage sur la ville de Constantine par Eliahou Gaston Guedj&nbsp;:&nbsp;<a rel=\"noreferrer noopener\" href=\"\/docassoc\/CONSTANTINE_ELIAOU_GUEDJ.pdf\" target=\"_blank\">t\u00e9l\u00e9charger ici<\/a>.<\/strong><\/h3>\n\n\n\n<h3><strong>Retour de Mme Stora \u00e0 Constantine (1990) :<\/strong><\/h3>\n\n\n\n<figure class=\"wp-block-embed is-type-video is-provider-youtube wp-block-embed-youtube wp-embed-aspect-4-3 wp-has-aspect-ratio\"><div class=\"wp-block-embed__wrapper\">\n<iframe loading=\"lazy\" title=\"Retour de Mme Stora \u00e0 Constantine (1990)\" width=\"500\" height=\"375\" src=\"https:\/\/www.youtube.com\/embed\/XJ8c3k-MjoE?start=13&#038;feature=oembed\" frameborder=\"0\" allow=\"accelerometer; autoplay; clipboard-write; encrypted-media; gyroscope; picture-in-picture\" allowfullscreen><\/iframe>\n<\/div><\/figure>\n\n\n\n<h3><strong>T\u00e9moignage&nbsp;de Pierre Gozlan sur Constantine&nbsp;:&nbsp;<a rel=\"noreferrer noopener\" href=\"\/docassoc\/TEMOIGNAGE_pierre_gozlan.pdf\" target=\"_blank\">t\u00e9l\u00e9charger ici<\/a>.<\/strong><\/h3>\n\n\n\n<h3><strong>Documents fournis par Eliahou Gaston Guedj :&nbsp;&nbsp;<a rel=\"noreferrer noopener\" href=\"\/docassoc\/rabbinat_hebron.pdf\" target=\"_blank\">lettre du rabbinat d&rsquo;H\u00e9bron<\/a> et <a rel=\"noreferrer noopener\" href=\"\/docassoc\/consistoire.pdf\" target=\"_blank\">lettre du Grand Rabbin d&rsquo;Alger<\/a>.<\/strong><\/h3>\n\n\n\n<h3><strong>Visage d&rsquo;un petit gar\u00e7on souriant dans les bras de son p\u00e8re :<\/strong><\/h3>\n\n\n\n<div class=\"wp-block-image\"><figure class=\"aligncenter size-large\"><img loading=\"lazy\" width=\"336\" height=\"356\" src=\"http:\/\/mrlbare.cluster030.hosting.ovh.net\/wp-content\/uploads\/2021\/04\/alain_kantouzou.jpg\" alt=\"\" class=\"wp-image-137\" srcset=\"https:\/\/ajoc.fr\/wp-content\/uploads\/2021\/04\/alain_kantouzou.jpg 336w, https:\/\/ajoc.fr\/wp-content\/uploads\/2021\/04\/alain_kantouzou-283x300.jpg 283w\" sizes=\"(max-width: 336px) 100vw, 336px\" \/><\/figure><\/div>\n\n\n\n<h3><strong>Hommage de Georges CHOURAQUI \u00e0 Hubert HANNOUN&nbsp;et transcription d&rsquo;une d\u00e9claration manuscrite de Paul BARKATZ :<\/strong><\/h3>\n\n\n\n<h3><a href=\"\/docassoc\/hannoun.pdf\" target=\"_blank\" rel=\"noreferrer noopener\">Cliquer ici pour lire l&rsquo;article.<\/a><\/h3>\n\n\n\n<h3><strong>Hommage \u00e0 Alfred NAKACHE : <a rel=\"noreferrer noopener\" href=\"\/docassoc\/alfred_nakache.pdf\" target=\"_blank\">cliquer ici pour lire le t\u00e9moignage.<\/a><\/strong><\/h3>\n\n\n\n<div class=\"wp-block-image\"><figure class=\"aligncenter size-large\"><img loading=\"lazy\" width=\"1024\" height=\"718\" src=\"http:\/\/mrlbare.cluster030.hosting.ovh.net\/wp-content\/uploads\/2021\/04\/promenade_alfred_nakache.jpg\" alt=\"\" class=\"wp-image-141\" srcset=\"https:\/\/ajoc.fr\/wp-content\/uploads\/2021\/04\/promenade_alfred_nakache.jpg 1024w, https:\/\/ajoc.fr\/wp-content\/uploads\/2021\/04\/promenade_alfred_nakache-300x210.jpg 300w, https:\/\/ajoc.fr\/wp-content\/uploads\/2021\/04\/promenade_alfred_nakache-768x539.jpg 768w\" sizes=\"(max-width: 1024px) 100vw, 1024px\" \/><\/figure><\/div>\n\n\n\n<h3><strong>Hommage \u00e0 Eug\u00e8ne Ruben DUKAN (grande figure du juda\u00efsme ni\u00e7ois) :<\/strong><\/h3>\n\n\n\n<div class=\"wp-block-image\"><figure class=\"aligncenter size-large\"><img loading=\"lazy\" width=\"1024\" height=\"718\" src=\"http:\/\/mrlbare.cluster030.hosting.ovh.net\/wp-content\/uploads\/2021\/04\/eugene_dukan.jpg\" alt=\"\" class=\"wp-image-138\" srcset=\"https:\/\/ajoc.fr\/wp-content\/uploads\/2021\/04\/eugene_dukan.jpg 1024w, https:\/\/ajoc.fr\/wp-content\/uploads\/2021\/04\/eugene_dukan-300x210.jpg 300w, https:\/\/ajoc.fr\/wp-content\/uploads\/2021\/04\/eugene_dukan-768x539.jpg 768w\" sizes=\"(max-width: 1024px) 100vw, 1024px\" \/><\/figure><\/div>\n\n\n\n<h3><strong>Hommage \u00e0 Charley ATTALI, article extrait du journal des Tournelles de novembre 2006 : <a rel=\"noreferrer noopener\" href=\"\/docassoc\/charley_attali.pdf\" target=\"_blank\">cliquer ici pour le lire.<\/a><\/strong><\/h3>\n\n\n\n<h3><strong>T\u00e9moignage de Guy ALLOUCHE qui s&rsquo;est rendu \u00e0 Constantine fin 2012 : <a rel=\"noreferrer noopener\" href=\"\/docassoc\/RECIT.docx\" target=\"_blank\">cliquer ici pour le lire.<\/a><\/strong><\/h3>\n\n\n\n<h3><strong>T\u00e9moignage de Josy ADIDA-GOLDBERG sur sa jeunesse \u00e0 Constantine : <a rel=\"noreferrer noopener\" href=\"\/docassoc\/JEUNESSE_CONSTANTINE.docx\" target=\"_blank\">cliquer ici pour le lire.<\/a><\/strong><\/h3>\n\n\n\n<h3><strong>T\u00e9moignage Claude SICSIC-SONIGO : <a rel=\"noreferrer noopener\" href=\"\/docassoc\/sonigo.docx\" target=\"_blank\">cliquer ici pour le lire.<\/a><\/strong><\/h3>\n\n\n\n<h3><strong>T\u00e9moignage d&rsquo;Hubert Habib sur Pessah \u00e0 Constantine : <a rel=\"noreferrer noopener\" href=\"\/docassoc\/CONSTANTINE_PESSAH.docx\" target=\"_blank\">cliquer ici pour le lire.<\/a><\/strong><\/h3>\n\n\n\n<h3><strong>T\u00e9moignage de Clara Guedj sur des coutumes de Constantine : <a rel=\"noreferrer noopener\" href=\"\/docassoc\/CLARA_GUEDJ.doc\" target=\"_blank\">cliquer ici pour le lire.<\/a><\/strong><\/h3>\n\n\n\n<h3><strong>T\u00e9moignage de&nbsp;Georges FHAL&nbsp;sur les Eclaireurs Isra\u00e9lites de France de Constantine : <a rel=\"noreferrer noopener\" href=\"\/docassoc\/HISTOIRE_ECLAIREURS.pdf\" target=\"_blank\">cliquer ici pour le lire.<\/a><\/strong><\/h3>\n\n\n\n<h3><strong>Article sur Jacques Bakouch : <a rel=\"noreferrer noopener\" href=\"\/docassoc\/jacquesbakouche.jpg\" target=\"_blank\">cliquer ici pour le lire.<\/a><\/strong><\/h3>\n\n\n\n<h3><strong>Article sur les soldats juifs d&rsquo;Alg\u00e9rie : <a rel=\"noreferrer noopener\" href=\"\/docassoc\/soldats.pdf\" target=\"_blank\">cliquer ici pour le lire.<\/a><\/strong><\/h3>\n\n\n\n<h3><strong>Hommage \u00e0 Alexandre Dukhan : <a rel=\"noreferrer noopener\" href=\"\/docassoc\/alexandre_dukhan.docx\" target=\"_blank\">cliquer ici pour le lire.<\/a><\/strong><\/h3>\n\n\n\n<h3><strong>Hommage au Rabbin YEHOUDAH ZERBIB : <a rel=\"noreferrer noopener\" href=\"\/docassoc\/RABBI_YEHOUDAH_ZERBIB.pdf\" target=\"_blank\">cliquer ici pour le lire.<\/a><\/strong><\/h3>\n\n\n\n<h3><strong>Hommage \u00e0 RAPHAEL DRAI : <a rel=\"noreferrer noopener\" href=\"\/docassoc\/RAPHAEL_DRAI_1.PDF\" target=\"_blank\">cliquer ici pour le lire.<\/a><\/strong><\/h3>\n\n\n\n<h3><strong>Hommage \u00e0 HENRI LELLOUCHE : <a rel=\"noreferrer noopener\" href=\"\/docassoc\/HENRI_LELLOUCHE.docx\" target=\"_blank\">cliquer ici pour le lire.<\/a><\/strong><\/h3>\n\n\n\n<h3><strong>T\u00e9moignage sur la&nbsp;cit\u00e9&nbsp;LELLOUCHE : <a rel=\"noreferrer noopener\" href=\"\/docassoc\/cite_lellouche.docx\" target=\"_blank\">cliquer ici pour le lire.<\/a><\/strong><\/h3>\n\n\n\n<h3><strong>T\u00e9moignage sur&nbsp;\u00ab\u00a0chez Raymond\u00a0\u00bb&nbsp;: <a rel=\"noreferrer noopener\" href=\"\/docassoc\/chez_raymond.docx\" target=\"_blank\">cliquer ici pour le lire.<\/a><\/strong><\/h3>\n\n\n\n<h3><strong>T\u00e9moignage sur&nbsp;Constantine par Gilles Charles Makhlouf Zaffran&nbsp;: <a rel=\"noreferrer noopener\" href=\"\/docassoc\/constantine.pdf\" target=\"_blank\">cliquer ici pour le lire.<\/a><\/strong><\/h3>\n\n\n\n<h3><strong>Lettres \u00e0 mon p\u00e8re par Josy Adida-Goldberg : <a rel=\"noreferrer noopener\" href=\"\/docassoc\/lomon.pdf\" target=\"_blank\">cliquer ici pour le lire.<\/a><\/strong><\/h3>\n\n\n\n<h3><strong>T\u00e9moignage \u00e9crit par Gilles Zaffran : <a rel=\"noreferrer noopener\" href=\"\/docassoc\/GILOU.pdf\" target=\"_blank\">cliquer ici pour le lire.<\/a><\/strong><\/h3>\n\n\n\n<h3><strong>T\u00e9moignage de Gislaine Diaine sur les juifs d&rsquo;Alg\u00e9rie et leur exode :\u00a0<a rel=\"noreferrer noopener\" href=\"\/docassoc\/EntretienGislaineDiaine.html\" target=\"_blank\">cliquer ici pour le lire.<\/a><\/strong><\/h3>\n\n\n\n<h3><strong>Fondation Lucette Guedj : <a rel=\"noreferrer noopener\" href=\"\/docassoc\/Fondation Lucette Guedj.docx\" target=\"_blank\">cliquer ici pour l&rsquo;article.<\/a><\/strong><\/h3>\n","protected":false},"excerpt":{"rendered":"<p>Document de Fernand Nakache Ce document a \u00e9t\u00e9 adress\u00e9 par Fernand Nakache \u00e0 Alain Attlan correspondantde l&rsquo;AJOC pour la r\u00e9gion de Toulouse, dans lequel il explique \u00e0 ses enfants, l\u2019histoire de ses origines constantinoises. Il ajoute que le p\u00e8re d\u2019Alain (Lucien, Z.A.L.) a \u00e9t\u00e9 le t\u00e9moin religieux de son mariage. Chers enfants, Comme vous le savez, l&rsquo;Afrique du Nord (\u00e0 l&rsquo;exception du Maroc), a \u00e9t\u00e9 tr\u00e8s longtemps colonis\u00e9 et donc administr\u00e9 par la Turquie. En ce qui concerne l&rsquo;ALG\u00c9RIE, la France y a pris le relais \u00e0 partir de 1830, d\u00e9marrage de la colonisation dans ce pays.Il ne faut donc&#8230; <\/p>\n","protected":false},"author":1,"featured_media":0,"parent":0,"menu_order":0,"comment_status":"closed","ping_status":"closed","template":"template-full-width.php","meta":[],"_links":{"self":[{"href":"https:\/\/ajoc.fr\/index.php\/wp-json\/wp\/v2\/pages\/58"}],"collection":[{"href":"https:\/\/ajoc.fr\/index.php\/wp-json\/wp\/v2\/pages"}],"about":[{"href":"https:\/\/ajoc.fr\/index.php\/wp-json\/wp\/v2\/types\/page"}],"author":[{"embeddable":true,"href":"https:\/\/ajoc.fr\/index.php\/wp-json\/wp\/v2\/users\/1"}],"replies":[{"embeddable":true,"href":"https:\/\/ajoc.fr\/index.php\/wp-json\/wp\/v2\/comments?post=58"}],"version-history":[{"count":26,"href":"https:\/\/ajoc.fr\/index.php\/wp-json\/wp\/v2\/pages\/58\/revisions"}],"predecessor-version":[{"id":294,"href":"https:\/\/ajoc.fr\/index.php\/wp-json\/wp\/v2\/pages\/58\/revisions\/294"}],"wp:attachment":[{"href":"https:\/\/ajoc.fr\/index.php\/wp-json\/wp\/v2\/media?parent=58"}],"curies":[{"name":"wp","href":"https:\/\/api.w.org\/{rel}","templated":true}]}}