{"id":61,"date":"2021-04-04T17:27:58","date_gmt":"2021-04-04T15:27:58","guid":{"rendered":"http:\/\/mrlbare.cluster030.hosting.ovh.net\/?page_id=61"},"modified":"2021-05-02T18:20:02","modified_gmt":"2021-05-02T16:20:02","slug":"a-la-memoire","status":"publish","type":"page","link":"https:\/\/ajoc.fr\/index.php\/a-la-memoire\/","title":{"rendered":"A la m\u00e9moire"},"content":{"rendered":"\n<div class=\"wp-block-columns\">\n<div class=\"wp-block-column\">\n<h3><strong>Diaporama \u00e0 la m\u00e9moire : <a rel=\"noreferrer noopener\" href=\"\/docassoc\/martyrs.pps\" target=\"_blank\">cliquer ici<\/a><\/strong><\/h3>\n\n\n\n<figure class=\"wp-block-embed is-type-video is-provider-youtube wp-block-embed-youtube wp-embed-aspect-4-3 wp-has-aspect-ratio\"><div class=\"wp-block-embed__wrapper\">\n<iframe loading=\"lazy\" title=\"R\u00e9novation du Cimeti\u00e8re Isra\u00e9lite de Constantine\" width=\"500\" height=\"375\" src=\"https:\/\/www.youtube.com\/embed\/GRGoC9Ispy4?start=8&#038;feature=oembed\" frameborder=\"0\" allow=\"accelerometer; autoplay; clipboard-write; encrypted-media; gyroscope; picture-in-picture\" allowfullscreen><\/iframe>\n<\/div><\/figure>\n<\/div>\n\n\n\n<div class=\"wp-block-column\">\n<figure class=\"wp-block-image size-large\"><img loading=\"lazy\" width=\"1024\" height=\"683\" src=\"http:\/\/mrlbare.cluster030.hosting.ovh.net\/wp-content\/uploads\/2021\/04\/memorial-1621728_1920-1024x683.jpg\" alt=\"\" class=\"wp-image-186\" srcset=\"https:\/\/ajoc.fr\/wp-content\/uploads\/2021\/04\/memorial-1621728_1920-1024x683.jpg 1024w, https:\/\/ajoc.fr\/wp-content\/uploads\/2021\/04\/memorial-1621728_1920-300x200.jpg 300w, https:\/\/ajoc.fr\/wp-content\/uploads\/2021\/04\/memorial-1621728_1920-768x512.jpg 768w, https:\/\/ajoc.fr\/wp-content\/uploads\/2021\/04\/memorial-1621728_1920-1536x1024.jpg 1536w, https:\/\/ajoc.fr\/wp-content\/uploads\/2021\/04\/memorial-1621728_1920.jpg 1920w\" sizes=\"(max-width: 1024px) 100vw, 1024px\" \/><\/figure>\n<\/div>\n<\/div>\n\n\n\n<div class=\"wp-block-columns\">\n<div class=\"wp-block-column\">\n<h3><strong>Visite du cimeti\u00e8re de Constantine en f\u00e9vrier 2010<\/strong><\/h3>\n\n\n\n<p>Compte-rendu de la visite effectu\u00e9e par Denis Fitoussi : <a href=\"\/docassoc\/visite_cimetiere_fev_2010.pdf\">cliquer ici.<\/a><\/p>\n\n\n\n<p>Diaporama de la visite : <a href=\"\/docassoc\/visite_cimetiere.pps\">visualiser.<\/a><\/p>\n<\/div>\n\n\n\n<div class=\"wp-block-column\">\n<h3 id=\"block-77c7cdce-e7be-4033-9aa5-e827fb97928c\"><strong>Visite du cimeti\u00e8re de Constantine en&nbsp;octobre 2010<\/strong><\/h3>\n\n\n\n<p>Diaporama de la visite : <a href=\"http:\/\/mrlbare.cluster030.hosting.ovh.net\/docassoc\/visite_cimetiere_octobre_2010.pps\">visualiser.<\/a><\/p>\n<\/div>\n<\/div>\n\n\n\n<h3><strong>Quelques photos du local (Gu\u00e9niza) du cimeti\u00e8re<\/strong><\/h3>\n\n\n\n<style id=\"bwg-style-0\">    #bwg_container1_0 #bwg_container2_0 .bwg-container-0.bwg-standard-thumbnails {      width: 1254px;              justify-content: center;        margin:0 auto !important;              background-color: rgba(255, 255, 255, 0.00);            padding-left: 4px;      padding-top: 4px;      max-width: 100%;            }        #bwg_container1_0 #bwg_container2_0 .bwg-container-0.bwg-standard-thumbnails .bwg-item {    justify-content: flex-start;      max-width: 250px;          }    #bwg_container1_0 #bwg_container2_0 .bwg-container-0.bwg-standard-thumbnails .bwg-item a {       margin-right: 4px;       margin-bottom: 4px;    }    #bwg_container1_0 #bwg_container2_0 .bwg-container-0.bwg-standard-thumbnails .bwg-item0 {      padding: 0px;            background-color:rgba(0,0,0, 0.30);      border: 0px none #CCCCCC;      opacity: 1.00;      border-radius: 0;      box-shadow: ;    }    #bwg_container1_0 #bwg_container2_0 .bwg-container-0.bwg-standard-thumbnails .bwg-item1 img {      max-height: none;      max-width: none;      padding: 0 !important;    }         @media only screen and (min-width: 480px) {\t\t#bwg_container1_0 #bwg_container2_0 .bwg-container-0.bwg-standard-thumbnails .bwg-item1 img {\t\t\t-webkit-transition: all .3s; transition: all .3s;\t\t}\t\t#bwg_container1_0 #bwg_container2_0 .bwg-container-0.bwg-standard-thumbnails .bwg-item1 img:hover {\t\t\t-ms-transform: scale(1.08);\t\t\t-webkit-transform: scale(1.08);\t\t\ttransform: scale(1.08);\t\t}\t\t\t\t.bwg-standard-thumbnails .bwg-zoom-effect .bwg-zoom-effect-overlay {\t\t\t\t\t\tbackground-color:rgba(0,0,0, 0.3);\t\t}\t\t.bwg-standard-thumbnails .bwg-zoom-effect:hover img {\t\t\t-ms-transform: scale(1.08);\t\t\t-webkit-transform: scale(1.08);\t\t\ttransform: scale(1.08);\t\t}\t\t      }\t    #bwg_container1_0 #bwg_container2_0 .bwg-container-0.bwg-standard-thumbnails .bwg-item1 {      padding-top: 56%;    }        #bwg_container1_0 #bwg_container2_0 .bwg-container-0.bwg-standard-thumbnails .bwg-title1 {      position: absolute;      top: 0;      z-index: 100;      width: 100%;      height: 100%;      display: flex;      justify-content: center;      align-content: center;      flex-direction: column;      opacity: 0;    }\t      #bwg_container1_0 #bwg_container2_0 .bwg-container-0.bwg-standard-thumbnails .bwg-title2,    #bwg_container1_0 #bwg_container2_0 .bwg-container-0.bwg-standard-thumbnails .bwg-ecommerce2 {      color: #FFFFFF;      font-family: Ubuntu;      font-size: 16px;      font-weight: bold;      padding: 2px;      text-shadow: ;      max-height: 100%;    }    #bwg_container1_0 #bwg_container2_0 .bwg-container-0.bwg-standard-thumbnails .bwg-thumb-description span {    color: #323A45;    font-family: Ubuntu;    font-size: 12px;    max-height: 100%;    word-wrap: break-word;    }    #bwg_container1_0 #bwg_container2_0 .bwg-container-0.bwg-standard-thumbnails .bwg-play-icon2 {      font-size: 32px;    }    #bwg_container1_0 #bwg_container2_0 .bwg-container-0.bwg-standard-thumbnails .bwg-ecommerce2 {      font-size: 19.2px;      color: #323A45;    }    <\/style>    <div id=\"bwg_container1_0\"         class=\"bwg_container bwg_thumbnail bwg_thumbnails \"         data-right-click-protection=\"0\"         data-bwg=\"0\"         data-scroll=\"0\"         data-gallery-type=\"thumbnails\"         data-gallery-view-type=\"thumbnails\"         data-current-url=\"\/index.php\/wp-json\/wp\/v2\/pages\/61\"         data-lightbox-url=\"https:\/\/ajoc.fr\/wp-admin\/admin-ajax.php?action=GalleryBox&#038;current_view=0&#038;gallery_id=1&#038;tag=0&#038;theme_id=1&#038;shortcode_id=2&#038;sort_by=order&#038;order_by=asc&#038;current_url=%2Findex.php%2Fwp-json%2Fwp%2Fv2%2Fpages%2F61\"         data-gallery-id=\"1\"         data-popup-width=\"800\"         data-popup-height=\"500\"         data-is-album=\"gallery\"         data-buttons-position=\"bottom\">      <div id=\"bwg_container2_0\">             <div id=\"ajax_loading_0\" class=\"bwg_loading_div_1\">      <div class=\"bwg_loading_div_2\">        <div class=\"bwg_loading_div_3\">          <div id=\"loading_div_0\" class=\"bwg_spider_ajax_loading\">          <\/div>        <\/div>      <\/div>    <\/div>            <form id=\"gal_front_form_0\"              class=\"bwg-hidden\"              method=\"post\"              action=\"#\"              data-current=\"0\"              data-shortcode-id=\"2\"              data-gallery-type=\"thumbnails\"              data-gallery-id=\"1\"              data-tag=\"0\"              data-album-id=\"0\"              data-theme-id=\"1\"              data-ajax-url=\"https:\/\/ajoc.fr\/wp-admin\/admin-ajax.php?action=bwg_frontend_data\">          <div id=\"bwg_container3_0\" class=\"bwg-background bwg-background-0\">                <div data-max-count=\"5\"         data-thumbnail-width=\"250\"         data-bwg=\"0\"         data-gallery-id=\"1\"         data-lightbox-url=\"https:\/\/ajoc.fr\/wp-admin\/admin-ajax.php?action=GalleryBox&amp;current_view=0&amp;gallery_id=1&amp;tag=0&amp;theme_id=1&amp;shortcode_id=2&amp;sort_by=order&amp;order_by=asc&amp;current_url=%2Findex.php%2Fwp-json%2Fwp%2Fv2%2Fpages%2F61\"         id=\"bwg_thumbnails_0\"         class=\"bwg-container-0 bwg-thumbnails bwg-standard-thumbnails bwg-container bwg-border-box\">            <div class=\"bwg-item\">        <a class=\"bwg-a  bwg_lightbox\"  data-image-id=\"5\" href=\"https:\/\/ajoc.fr\/wp-content\/uploads\/photo-gallery\/LOCAL_GNIZA.jpg?bwg=1618325781\" data-elementor-open-lightbox=\"no\">                <div class=\"bwg-item0 \">          <div class=\"bwg-item1 bwg-zoom-effect\">            <div class=\"bwg-item2\">              <img class=\"skip-lazy bwg_standart_thumb_img_0 \"                   data-id=\"5\"                   data-width=\"500\"                   data-height=\"254\"                   data-src=\"https:\/\/ajoc.fr\/wp-content\/uploads\/photo-gallery\/thumb\/LOCAL_GNIZA.jpg?bwg=1618325781\"                   src=\"https:\/\/ajoc.fr\/wp-content\/uploads\/photo-gallery\/thumb\/LOCAL_GNIZA.jpg?bwg=1618325781\"                   alt=\"LOCAL GNIZA\"                   title=\"LOCAL GNIZA\" \/>            <\/div>            <div class=\"bwg-zoom-effect-overlay\">              <div class=\"bwg-title1\"><div class=\"bwg-title2\">LOCAL GNIZA<\/div><\/div>                                        <\/div>          <\/div>        <\/div>                        <\/a>              <\/div>            <div class=\"bwg-item\">        <a class=\"bwg-a  bwg_lightbox\"  data-image-id=\"3\" href=\"https:\/\/ajoc.fr\/wp-content\/uploads\/photo-gallery\/gniza_1.jpg?bwg=1618325562\" data-elementor-open-lightbox=\"no\">                <div class=\"bwg-item0 \">          <div class=\"bwg-item1 bwg-zoom-effect\">            <div class=\"bwg-item2\">              <img class=\"skip-lazy bwg_standart_thumb_img_0 \"                   data-id=\"3\"                   data-width=\"500\"                   data-height=\"281\"                   data-src=\"https:\/\/ajoc.fr\/wp-content\/uploads\/photo-gallery\/thumb\/gniza_1.jpg?bwg=1618325562\"                   src=\"https:\/\/ajoc.fr\/wp-content\/uploads\/photo-gallery\/thumb\/gniza_1.jpg?bwg=1618325562\"                   alt=\"gniza 1\"                   title=\"gniza 1\" \/>            <\/div>            <div class=\"bwg-zoom-effect-overlay\">              <div class=\"bwg-title1\"><div class=\"bwg-title2\">gniza 1<\/div><\/div>                                        <\/div>          <\/div>        <\/div>                        <\/a>              <\/div>            <div class=\"bwg-item\">        <a class=\"bwg-a  bwg_lightbox\"  data-image-id=\"1\" href=\"https:\/\/ajoc.fr\/wp-content\/uploads\/photo-gallery\/gniza_2.jpg?bwg=1618325562\" data-elementor-open-lightbox=\"no\">                <div class=\"bwg-item0 \">          <div class=\"bwg-item1 bwg-zoom-effect\">            <div class=\"bwg-item2\">              <img class=\"skip-lazy bwg_standart_thumb_img_0 \"                   data-id=\"1\"                   data-width=\"334\"                   data-height=\"500\"                   data-src=\"https:\/\/ajoc.fr\/wp-content\/uploads\/photo-gallery\/thumb\/gniza_2.jpg?bwg=1618325562\"                   src=\"https:\/\/ajoc.fr\/wp-content\/uploads\/photo-gallery\/thumb\/gniza_2.jpg?bwg=1618325562\"                   alt=\"gniza 2\"                   title=\"gniza 2\" \/>            <\/div>            <div class=\"bwg-zoom-effect-overlay\">              <div class=\"bwg-title1\"><div class=\"bwg-title2\">gniza 2<\/div><\/div>                                        <\/div>          <\/div>        <\/div>                        <\/a>              <\/div>            <div class=\"bwg-item\">        <a class=\"bwg-a  bwg_lightbox\"  data-image-id=\"2\" href=\"https:\/\/ajoc.fr\/wp-content\/uploads\/photo-gallery\/gniza_3.jpg?bwg=1618325562\" data-elementor-open-lightbox=\"no\">                <div class=\"bwg-item0 \">          <div class=\"bwg-item1 bwg-zoom-effect\">            <div class=\"bwg-item2\">              <img class=\"skip-lazy bwg_standart_thumb_img_0 \"                   data-id=\"2\"                   data-width=\"404\"                   data-height=\"500\"                   data-src=\"https:\/\/ajoc.fr\/wp-content\/uploads\/photo-gallery\/thumb\/gniza_3.jpg?bwg=1618325562\"                   src=\"https:\/\/ajoc.fr\/wp-content\/uploads\/photo-gallery\/thumb\/gniza_3.jpg?bwg=1618325562\"                   alt=\"gniza 3\"                   title=\"gniza 3\" \/>            <\/div>            <div class=\"bwg-zoom-effect-overlay\">              <div class=\"bwg-title1\"><div class=\"bwg-title2\">gniza 3<\/div><\/div>                                        <\/div>          <\/div>        <\/div>                        <\/a>              <\/div>            <div class=\"bwg-item\">        <a class=\"bwg-a  bwg_lightbox\"  data-image-id=\"4\" href=\"https:\/\/ajoc.fr\/wp-content\/uploads\/photo-gallery\/gniza_4.jpg?bwg=1618325562\" data-elementor-open-lightbox=\"no\">                <div class=\"bwg-item0 \">          <div class=\"bwg-item1 bwg-zoom-effect\">            <div class=\"bwg-item2\">              <img class=\"skip-lazy bwg_standart_thumb_img_0 \"                   data-id=\"4\"                   data-width=\"500\"                   data-height=\"457\"                   data-src=\"https:\/\/ajoc.fr\/wp-content\/uploads\/photo-gallery\/thumb\/gniza_4.jpg?bwg=1618325562\"                   src=\"https:\/\/ajoc.fr\/wp-content\/uploads\/photo-gallery\/thumb\/gniza_4.jpg?bwg=1618325562\"                   alt=\"gniza 4\"                   title=\"gniza 4\" \/>            <\/div>            <div class=\"bwg-zoom-effect-overlay\">              <div class=\"bwg-title1\"><div class=\"bwg-title2\">gniza 4<\/div><\/div>                                        <\/div>          <\/div>        <\/div>                        <\/a>              <\/div>          <\/div>    <style>      \/*pagination styles*\/      #bwg_container1_0 #bwg_container2_0 .tablenav-pages_0 {\t\t\t\ttext-align: center;\t\t\t\tfont-size: 12px;\t\t\t\tfont-family: Ubuntu;\t\t\t\tfont-weight: bold;\t\t\t\tcolor: #666666;\t\t\t\tmargin: 6px 0 4px;\t\t\t\tdisplay: block;      }      @media only screen and (max-width : 320px) {      #bwg_container1_0 #bwg_container2_0 .displaying-num_0 {     \t display: none;      }      }      #bwg_container1_0 #bwg_container2_0 .displaying-num_0 {\t\t\t\tfont-size: 12px;\t\t\t\tfont-family: Ubuntu;\t\t\t\tfont-weight: bold;\t\t\t\tcolor: #666666;\t\t\t\tmargin-right: 10px;\t\t\t\tvertical-align: middle;      }      #bwg_container1_0 #bwg_container2_0 .paging-input_0 {\t\t\t\tfont-size: 12px;\t\t\t\tfont-family: Ubuntu;\t\t\t\tfont-weight: bold;\t\t\t\tcolor: #666666;\t\t\t\tvertical-align: middle;      }      #bwg_container1_0 #bwg_container2_0 .tablenav-pages_0 a.disabled,      #bwg_container1_0 #bwg_container2_0 .tablenav-pages_0 a.disabled:hover,      #bwg_container1_0 #bwg_container2_0 .tablenav-pages_0 a.disabled:focus,\t\t\t#bwg_container1_0 #bwg_container2_0 .tablenav-pages_0 input.bwg_current_page {\t\t\t\tcursor: default;\t\t\t\tcolor: rgba(102, 102, 102, 0.5);      }      #bwg_container1_0 #bwg_container2_0 .tablenav-pages_0 a,      #bwg_container1_0 #bwg_container2_0 .tablenav-pages_0 input.bwg_current_page {\t\t\t\tcursor: pointer;\t\t\t\ttext-align: center;\t\t\t\tfont-size: 12px;\t\t\t\tfont-family: Ubuntu;\t\t\t\tfont-weight: bold;\t\t\t\tcolor: #666666;\t\t\t\ttext-decoration: none;\t\t\t\tpadding: 3px 6px;\t\t\t\tmargin: 0;\t\t\t\tborder-radius: 0;\t\t\t\tborder-style: solid;\t\t\t\tborder-width: 1px;\t\t\t\tborder-color: #E3E3E3;\t\t\t\t\t\t\t\tbackground-color: rgba(255, 255, 255, 1.00);\t\t\t\tbox-shadow: 0;\t\t\t\ttransition: all 0.3s ease 0s;-webkit-transition: all 0.3s ease 0s;      }      <\/style>      <span class=\"bwg_nav_cont_0\">              <div class=\"tablenav-pages_0\">                  <\/div>                <input type=\"hidden\" id=\"page_number_0\" name=\"page_number_0\" value=\"1\" \/>      <script type=\"text\/javascript\">        if( jQuery('.bwg_nav_cont_0').length > 1 ) {          jQuery('.bwg_nav_cont_0').first().remove()        }        function spider_page_0(cur, x, y, load_more) {          if (typeof load_more == \"undefined\") {            var load_more = false;          }          if (jQuery(cur).hasClass('disabled')) {            return false;          }          var items_county_0 = 1;          switch (y) {            case 1:              if (x >= items_county_0) {                document.getElementById('page_number_0').value = items_county_0;              }              else {                document.getElementById('page_number_0').value = x + 1;              }              break;            case 2:              document.getElementById('page_number_0').value = items_county_0;              break;            case -1:              if (x == 1) {                document.getElementById('page_number_0').value = 1;              }              else {                document.getElementById('page_number_0').value = x - 1;              }              break;            case -2:              document.getElementById('page_number_0').value = 1;              break;\t\t\t\t\t\tcase 0:              document.getElementById('page_number_0').value = x;              break;            default:              document.getElementById('page_number_0').value = 1;          }          bwg_ajax('gal_front_form_0', '0', 'bwg_thumbnails_0', '0', '', 'gallery', 0, '', '', load_more, '', 1);        }                    jQuery('.first-page-0').on('click', function () {              spider_page_0(this, 1, -2, 'numeric');              return false;            });            jQuery('.prev-page-0').on('click', function () {              spider_page_0(this, 1, -1, 'numeric');              return false;            });            jQuery('.next-page-0').on('click', function () {              spider_page_0(this, 1, 1, 'numeric');              return false;            });            jQuery('.last-page-0').on('click', function () {              spider_page_0(this, 1, 2, 'numeric');              return false;            });        \t\t\t\t\/* Change page on input enter. *\/        function bwg_change_page_0( e, that ) {          if (  e.key == 'Enter' ) {            var to_page = parseInt(jQuery(that).val());            var pages_count = jQuery(that).parents(\".pagination-links\").data(\"pages-count\");            var current_url_param = jQuery(that).attr('data-url-info');            if (to_page > pages_count) {              to_page = 1;            }\t \t\t\t\t\t\t\t\t\t\t\t\tspider_page_0(this, to_page, 0, 'numeric');\t\t\t\t\t\t\treturn false;\t\t\t\t\t\t          }          return true;        }        jQuery('.bwg_load_btn_0').on('click', function () {            spider_page_0(this, 1, 1, true);            return false;        });      <\/script>      <\/span>                <\/div>        <\/form>        <style>          #bwg_container1_0 #bwg_container2_0 #spider_popup_overlay_0 {          background-color: #EEEEEE;          opacity: 0.60;          }          <\/style>        <div id=\"bwg_spider_popup_loading_0\" class=\"bwg_spider_popup_loading\"><\/div>        <div id=\"spider_popup_overlay_0\" class=\"spider_popup_overlay\" onclick=\"spider_destroypopup(1000)\"><\/div>        <input type=\"hidden\" id=\"bwg_random_seed_0\" value=\"723927217\">                <\/div>    <\/div>    <script>      if (document.readyState === 'complete') {        if( typeof bwg_main_ready == 'function' ) {          if ( jQuery(\"#bwg_container1_0\").height() ) {            bwg_main_ready(jQuery(\"#bwg_container1_0\"));          }        }      } else {        document.addEventListener('DOMContentLoaded', function() {          if( typeof bwg_main_ready == 'function' ) {            if ( jQuery(\"#bwg_container1_0\").height() ) {             bwg_main_ready(jQuery(\"#bwg_container1_0\"));            }          }        });      }    <\/script>    \n\n\n\n<h3><strong>Montage en souvenir des martyrs<\/strong><\/h3>\n\n\n\n<p><a href=\"\/docassoc\/1596406314112_MARTYRS_ajoc_.mp4\" target=\"_blank\" rel=\"noreferrer noopener\">Cliquer pour lire la vid\u00e9o.<\/a><\/p>\n","protected":false},"excerpt":{"rendered":"<p>Diaporama \u00e0 la m\u00e9moire : cliquer ici Visite du cimeti\u00e8re de Constantine en f\u00e9vrier 2010 Compte-rendu de la visite effectu\u00e9e par Denis Fitoussi : cliquer ici. Diaporama de la visite : visualiser. Visite du cimeti\u00e8re de Constantine en&nbsp;octobre 2010 Diaporama de la visite : visualiser. Quelques photos du local (Gu\u00e9niza) du cimeti\u00e8re Montage en souvenir des martyrs Cliquer pour lire la vid\u00e9o.<\/p>\n","protected":false},"author":1,"featured_media":0,"parent":0,"menu_order":0,"comment_status":"closed","ping_status":"closed","template":"template-full-width.php","meta":[],"_links":{"self":[{"href":"https:\/\/ajoc.fr\/index.php\/wp-json\/wp\/v2\/pages\/61"}],"collection":[{"href":"https:\/\/ajoc.fr\/index.php\/wp-json\/wp\/v2\/pages"}],"about":[{"href":"https:\/\/ajoc.fr\/index.php\/wp-json\/wp\/v2\/types\/page"}],"author":[{"embeddable":true,"href":"https:\/\/ajoc.fr\/index.php\/wp-json\/wp\/v2\/users\/1"}],"replies":[{"embeddable":true,"href":"https:\/\/ajoc.fr\/index.php\/wp-json\/wp\/v2\/comments?post=61"}],"version-history":[{"count":14,"href":"https:\/\/ajoc.fr\/index.php\/wp-json\/wp\/v2\/pages\/61\/revisions"}],"predecessor-version":[{"id":317,"href":"https:\/\/ajoc.fr\/index.php\/wp-json\/wp\/v2\/pages\/61\/revisions\/317"}],"wp:attachment":[{"href":"https:\/\/ajoc.fr\/index.php\/wp-json\/wp\/v2\/media?parent=61"}],"curies":[{"name":"wp","href":"https:\/\/api.w.org\/{rel}","templated":true}]}}