{"id":8,"date":"2021-02-17T23:52:02","date_gmt":"2021-02-17T22:52:02","guid":{"rendered":"http:\/\/mrlbare.cluster030.hosting.ovh.net\/?page_id=8"},"modified":"2021-04-13T15:57:45","modified_gmt":"2021-04-13T13:57:45","slug":"naissance","status":"publish","type":"page","link":"https:\/\/ajoc.fr\/index.php\/naissance\/","title":{"rendered":"Naissance"},"content":{"rendered":"\n<p>En mars 2005, les Constantinois se sont retrouv\u00e9s \u00e0&nbsp; J\u00e9rusalem avec un seul et m\u00eame projet, celui de r\u00e9unir tous les originaires du d\u00e9partement de Constantine. Sous la pr\u00e9sidence d&rsquo;\u0080\u0099honneur d&rsquo;Enrico Macias et l&rsquo;implication de fortes personnalit\u00e9s constantinoises comme le Professeur Marc Zerbib, le Professeur Rapha\u00ebl Dra\u00ef, l&rsquo;historien Benjamin Stora, le ministre Nicole Guedj et l&rsquo;\u0080\u0099animateur de RCJ William Zerbib.<\/p>\n\n\n\n<div class=\"wp-block-columns\">\n<div class=\"wp-block-column\">\n<figure class=\"wp-block-image size-large\"><img loading=\"lazy\" width=\"1024\" height=\"575\" src=\"http:\/\/mrlbare.cluster030.hosting.ovh.net\/wp-content\/uploads\/2021\/04\/jerusalem-331382_1920-1024x575.jpg\" alt=\"\" class=\"wp-image-172\" srcset=\"https:\/\/ajoc.fr\/wp-content\/uploads\/2021\/04\/jerusalem-331382_1920-1024x575.jpg 1024w, https:\/\/ajoc.fr\/wp-content\/uploads\/2021\/04\/jerusalem-331382_1920-300x169.jpg 300w, https:\/\/ajoc.fr\/wp-content\/uploads\/2021\/04\/jerusalem-331382_1920-768x432.jpg 768w, https:\/\/ajoc.fr\/wp-content\/uploads\/2021\/04\/jerusalem-331382_1920-1536x863.jpg 1536w, https:\/\/ajoc.fr\/wp-content\/uploads\/2021\/04\/jerusalem-331382_1920.jpg 1920w\" sizes=\"(max-width: 1024px) 100vw, 1024px\" \/><\/figure>\n<\/div>\n\n\n\n<div class=\"wp-block-column\">\n<figure class=\"wp-block-image size-large is-resized\"><img loading=\"lazy\" src=\"http:\/\/mrlbare.cluster030.hosting.ovh.net\/wp-content\/uploads\/2021\/04\/association-152746_1280-1024x1024.png\" alt=\"\" class=\"wp-image-173\" width=\"212\" height=\"212\" srcset=\"https:\/\/ajoc.fr\/wp-content\/uploads\/2021\/04\/association-152746_1280-1024x1024.png 1024w, https:\/\/ajoc.fr\/wp-content\/uploads\/2021\/04\/association-152746_1280-300x300.png 300w, https:\/\/ajoc.fr\/wp-content\/uploads\/2021\/04\/association-152746_1280-150x150.png 150w, https:\/\/ajoc.fr\/wp-content\/uploads\/2021\/04\/association-152746_1280-768x768.png 768w, https:\/\/ajoc.fr\/wp-content\/uploads\/2021\/04\/association-152746_1280.png 1280w\" sizes=\"(max-width: 212px) 100vw, 212px\" \/><\/figure>\n\n\n\n<p><\/p>\n<\/div>\n<\/div>\n\n\n\n<p>Pr\u00e8s de 1500 juifs originaires du Constantinois ont pu appr\u00e9cier l&rsquo;\u0080\u0099exposition de nos amis Serge Allouche et Marcel Nacache, \u00e9couter les conf\u00e9rences et participer \u00e0 l&rsquo;inoubliable concert d&rsquo;Enrico Macias. Consid\u00e9ration faite du succ\u00e8s de cette rencontre, il a \u00e9t\u00e9 d\u00e9cid\u00e9 de cr\u00e9er l&rsquo;\u0080\u0099Association des Juifs Originaires du Constantinois (AJOC) pour organiser des activit\u00e9s aussi diverses que vari\u00e9es : concerts liturgiques, conf\u00e9rences, f\u00eates, \u00e0&nbsp;l&rsquo;\u0080\u0099occasion des c\u00e9l\u00e9brations de Pourim \u00e0 la Synagogue des Tournelles \u00e0 Paris, voyages en Isra\u00ebl, concert au Centre Rachi, etc.<\/p>\n\n\n\n<p>Soucieuse de perp\u00e9tuer la m\u00e9moire, l&rsquo;\u0080\u0099AJOC entend aujourd&rsquo;\u0080\u0099hui restaurer et entretenir le cimeti\u00e8re juif de Constantine et organiser un voyage p\u00e9lerinage sur les tombes de nos disparus pour que nous puissions enfin leur r\u00e9citer le Kaddich. Bien que la restauration des cimeti\u00e8res d&rsquo;Alg\u00e9rie incombe \u00e0&nbsp; l&rsquo;Etat Fran\u00e7ais, aidez-nous \u00e0&nbsp;les pr\u00e9server et \u00e0 conserver leurs dignit\u00e9s en nous rejoignant et en faisant un don. Soutenez-nous et contribuez \u00e0 ce devoir de m\u00e9moire !<\/p>\n","protected":false},"excerpt":{"rendered":"<p>En mars 2005, les Constantinois se sont retrouv\u00e9s \u00e0&nbsp; J\u00e9rusalem avec un seul et m\u00eame projet, celui de r\u00e9unir tous les originaires du d\u00e9partement de Constantine. Sous la pr\u00e9sidence d&rsquo;\u0080\u0099honneur d&rsquo;Enrico Macias et l&rsquo;implication de fortes personnalit\u00e9s constantinoises comme le Professeur Marc Zerbib, le Professeur Rapha\u00ebl Dra\u00ef, l&rsquo;historien Benjamin Stora, le ministre Nicole Guedj et l&rsquo;\u0080\u0099animateur de RCJ William Zerbib. Pr\u00e8s de 1500 juifs originaires du Constantinois ont pu appr\u00e9cier l&rsquo;\u0080\u0099exposition de nos amis Serge Allouche et Marcel Nacache, \u00e9couter les conf\u00e9rences et participer \u00e0 l&rsquo;inoubliable concert d&rsquo;Enrico Macias. Consid\u00e9ration faite du succ\u00e8s de cette rencontre, il a \u00e9t\u00e9 d\u00e9cid\u00e9&#8230; <\/p>\n","protected":false},"author":1,"featured_media":0,"parent":0,"menu_order":0,"comment_status":"closed","ping_status":"closed","template":"template-full-width.php","meta":[],"_links":{"self":[{"href":"https:\/\/ajoc.fr\/index.php\/wp-json\/wp\/v2\/pages\/8"}],"collection":[{"href":"https:\/\/ajoc.fr\/index.php\/wp-json\/wp\/v2\/pages"}],"about":[{"href":"https:\/\/ajoc.fr\/index.php\/wp-json\/wp\/v2\/types\/page"}],"author":[{"embeddable":true,"href":"https:\/\/ajoc.fr\/index.php\/wp-json\/wp\/v2\/users\/1"}],"replies":[{"embeddable":true,"href":"https:\/\/ajoc.fr\/index.php\/wp-json\/wp\/v2\/comments?post=8"}],"version-history":[{"count":4,"href":"https:\/\/ajoc.fr\/index.php\/wp-json\/wp\/v2\/pages\/8\/revisions"}],"predecessor-version":[{"id":174,"href":"https:\/\/ajoc.fr\/index.php\/wp-json\/wp\/v2\/pages\/8\/revisions\/174"}],"wp:attachment":[{"href":"https:\/\/ajoc.fr\/index.php\/wp-json\/wp\/v2\/media?parent=8"}],"curies":[{"name":"wp","href":"https:\/\/api.w.org\/{rel}","templated":true}]}}